{"id":127,"date":"2020-07-28T18:54:56","date_gmt":"2020-07-28T18:54:56","guid":{"rendered":"http:\/\/dresvarela.com.ar\/nueva\/?page_id=127"},"modified":"2022-04-22T18:46:18","modified_gmt":"2022-04-22T18:46:18","slug":"contacto","status":"publish","type":"page","link":"https:\/\/dresvarela.com.ar\/?page_id=127","title":{"rendered":"Contacto"},"content":{"rendered":"<div id='av-layout-grid-1'  class='av-layout-grid-container av-16jpav-b4bea9fbffaf29590e12ba56898358a9 entry-content-wrapper main_color av-flex-cells  avia-builder-el-0  el_before_av_three_fifth  avia-builder-el-first   container_wrap sidebar_right'  >\n\n<style type=\"text\/css\" data-created_by=\"avia_inline_auto\" id=\"style-css-av-kd6axbwu-8b9cc75d29a74657aa015db3c86da9a7\">\n.flex_cell.av-kd6axbwu-8b9cc75d29a74657aa015db3c86da9a7{\nvertical-align:top;\n}\n.responsive #top #wrap_all .flex_cell.av-kd6axbwu-8b9cc75d29a74657aa015db3c86da9a7{\npadding:0px 0px 0px 0px !important;\n}\n<\/style>\n<div class='flex_cell av-kd6axbwu-8b9cc75d29a74657aa015db3c86da9a7 av-gridrow-cell av_one_full no_margin  avia-builder-el-1  avia-builder-el-no-sibling  av-zero-padding' ><div class='flex_cell_inner'>\n<style type=\"text\/css\" data-created_by=\"avia_inline_auto\" id=\"style-css-av-kd6axvff-340376f73644f4a2251fc23ab6991df7\">\n.avia-image-container.av-kd6axvff-340376f73644f4a2251fc23ab6991df7 img.avia_image{\nbox-shadow:none;\n}\n.avia-image-container.av-kd6axvff-340376f73644f4a2251fc23ab6991df7 .av-image-caption-overlay-center{\ncolor:#ffffff;\n}\n<\/style>\n<div  class='avia-image-container av-kd6axvff-340376f73644f4a2251fc23ab6991df7 av-styling-no-styling avia_animated_image av-animated-when-visible-95 fade-in avia-align-center  avia-builder-el-2  avia-builder-el-no-sibling '   itemprop=\"image\" itemscope=\"itemscope\" itemtype=\"https:\/\/schema.org\/ImageObject\" ><div class=\"avia-image-container-inner\"><div class=\"avia-image-overlay-wrap\"><img class='wp-image-178 avia-img-lazy-loading-not-178 avia_image ' src=\"https:\/\/dresvarela.com.ar\/wp-content\/uploads\/2020\/07\/banner-contacto3.jpg\" alt='' title=''  height=\"200\" width=\"1920\"  itemprop=\"thumbnailUrl\" srcset=\"https:\/\/dresvarela.com.ar\/wp-content\/uploads\/2020\/07\/banner-contacto3.jpg 1920w, https:\/\/dresvarela.com.ar\/wp-content\/uploads\/2020\/07\/banner-contacto3-300x31.jpg 300w, https:\/\/dresvarela.com.ar\/wp-content\/uploads\/2020\/07\/banner-contacto3-1030x107.jpg 1030w, https:\/\/dresvarela.com.ar\/wp-content\/uploads\/2020\/07\/banner-contacto3-768x80.jpg 768w, https:\/\/dresvarela.com.ar\/wp-content\/uploads\/2020\/07\/banner-contacto3-1536x160.jpg 1536w, https:\/\/dresvarela.com.ar\/wp-content\/uploads\/2020\/07\/banner-contacto3-1500x156.jpg 1500w, https:\/\/dresvarela.com.ar\/wp-content\/uploads\/2020\/07\/banner-contacto3-705x73.jpg 705w\" sizes=\"(max-width: 1920px) 100vw, 1920px\" \/><\/div><\/div><\/div>\n<\/div><\/div>\n<\/div><div id='after_grid_row_1'  class='main_color av_default_container_wrap container_wrap sidebar_right'  ><div class='container av-section-cont-open' ><div class='template-page content  av-content-small alpha units'><div class='post-entry post-entry-type-page post-entry-127'><div class='entry-content-wrapper clearfix'>\n\n<style type=\"text\/css\" data-created_by=\"avia_inline_auto\" id=\"style-css-av-150dsf-af229adcacef881c7e3f86c31a8aa097\">\n.flex_column.av-150dsf-af229adcacef881c7e3f86c31a8aa097{\n-webkit-border-radius:0px 0px 0px 0px;\n-moz-border-radius:0px 0px 0px 0px;\nborder-radius:0px 0px 0px 0px;\npadding:0px 0px 0px 0px;\n}\n<\/style>\n<div class='flex_column av-150dsf-af229adcacef881c7e3f86c31a8aa097 av_three_fifth  avia-builder-el-3  el_after_av_layout_row  el_before_av_two_fifth  avia-builder-el-first  first flex_column_div av-zero-column-padding '     ><section  class='av_textblock_section av-kcqsmnnv-2c0be5dc9c01d9d1b50f286ece56b3e3'  itemscope=\"itemscope\" itemtype=\"https:\/\/schema.org\/CreativeWork\" ><div class='avia_textblock'  itemprop=\"text\" ><p style=\"text-align: left;\"><span style=\"font-size: 19px;\">En Dres. Varela buscamos brindarte el mejor servicio.<br \/>\nEnvianos tu consulta y te responderemos a la brevedad.<\/span><\/p>\n<\/div><\/section><br \/>\n\n<style type=\"text\/css\" data-created_by=\"avia_inline_auto\" id=\"style-css-av-kd6b9p17-80a57a646fdf3d6d79a5b0b20e205484\">\n#top .hr.hr-invisible.av-kd6b9p17-80a57a646fdf3d6d79a5b0b20e205484{\nheight:10px;\n}\n<\/style>\n<div  class='hr av-kd6b9p17-80a57a646fdf3d6d79a5b0b20e205484 hr-invisible  avia-builder-el-5  el_after_av_textblock  el_before_av_contact '><span class='hr-inner '><span class=\"hr-inner-style\"><\/span><\/span><\/div><br \/>\n<form action=\"https:\/\/dresvarela.com.ar\/?page_id=127\" method=\"post\"  class=\"avia_ajax_form av-form-labels-visible   avia-builder-el-6  el_after_av_hr  avia-builder-el-last   \" data-avia-form-id=\"1\" data-avia-redirect='' ><fieldset><p class='  first_form  form_element form_element_half' id='element_avia_1_1'><label for=\"avia_1_1\">Nombre y Apellido <abbr class=\"required\" title=\"requerido\">*<\/abbr><\/label> <input name=\"avia_1_1\" class=\"text_input is_empty\" type=\"text\" id=\"avia_1_1\" value=\"\" \/><\/p><p class='  form_element form_element_half' id='element_avia_2_1'><label for=\"avia_2_1\">Tel\u00e9fono <abbr class=\"required\" title=\"requerido\">*<\/abbr><\/label> <input name=\"avia_2_1\" class=\"text_input is_empty\" type=\"text\" id=\"avia_2_1\" value=\"\" \/><\/p><p class='  first_form  form_element form_fullwidth' id='element_avia_3_1'><label for=\"avia_3_1\">Correo electr\u00f3nico <abbr class=\"required\" title=\"requerido\">*<\/abbr><\/label> <input name=\"avia_3_1\" class=\"text_input is_empty\" type=\"text\" id=\"avia_3_1\" value=\"\" \/><\/p><p class='  first_form  form_element form_fullwidth' id='element_avia_4_1'><label for=\"avia_4_1\" class=\"textare_label hidden textare_label_avia_4_1\">Mensaje <abbr class=\"required\" title=\"requerido\">*<\/abbr><\/label><textarea  name=\"avia_4_1\" class=\"text_area is_empty\" cols=\"40\" rows=\"7\" id=\"avia_4_1\" ><\/textarea><\/p><p class=\"hidden\"><input type=\"text\" name=\"avia_5_1\" class=\"hidden \" id=\"avia_5_1\" value=\"\" \/><\/p><p class='   form_element form_fullwidth' id='element_avia_6_1'><span class='value_verifier_label'>3 + 2 = ?<\/span><input name=\"avia_6_1_verifier\" type=\"hidden\" id=\"avia_6_1_verifier\" value=\"866157774\"\/><label for=\"avia_6_1\">Para mayor seguridad, responde la siguiente pregunta <abbr class=\"required\" title=\"requerido\">*<\/abbr><\/label><input name=\"avia_6_1\" class=\"text_input captcha\" type=\"text\" id=\"avia_6_1\" value=\"\"\/><\/p><p class=\"form_element \"><input type=\"hidden\" value=\"1\" name=\"avia_generated_form1\" \/><input type=\"submit\" value=\"Enviar\" class=\"button\"  data-sending-label=\"Enviando\"\/><\/p><\/fieldset><\/form><div id=\"ajaxresponse_1\" class=\"ajaxresponse ajaxresponse_1 hidden\"><\/div><\/p><\/div>\n\n<style type=\"text\/css\" data-created_by=\"avia_inline_auto\" id=\"style-css-av-14q5b-e94eb8bc7774aa6a4acafaf9b6c74cbe\">\n.flex_column.av-14q5b-e94eb8bc7774aa6a4acafaf9b6c74cbe{\n-webkit-border-radius:0px 0px 0px 0px;\n-moz-border-radius:0px 0px 0px 0px;\nborder-radius:0px 0px 0px 0px;\npadding:0px 0px 0px 0px;\n}\n<\/style>\n<div class='flex_column av-14q5b-e94eb8bc7774aa6a4acafaf9b6c74cbe av_two_fifth  avia-builder-el-7  el_after_av_three_fifth  el_before_av_google_map  avia-builder-el-last  flex_column_div av-zero-column-padding '     ><p>\n<style type=\"text\/css\" data-created_by=\"avia_inline_auto\" id=\"style-css-av-kd6b9p17-a940c4f1ecb7a5d8bca9851a710aa563\">\n#top .hr.hr-invisible.av-kd6b9p17-a940c4f1ecb7a5d8bca9851a710aa563{\nheight:18px;\n}\n<\/style>\n<div  class='hr av-kd6b9p17-a940c4f1ecb7a5d8bca9851a710aa563 hr-invisible  avia-builder-el-8  el_before_av_image  avia-builder-el-first '><span class='hr-inner '><span class=\"hr-inner-style\"><\/span><\/span><\/div><br \/>\n\n<style type=\"text\/css\" data-created_by=\"avia_inline_auto\" id=\"style-css-av-kd6axvff-a29e36e45abeb7ccf30602b4ee8f409f\">\n.avia-image-container.av-kd6axvff-a29e36e45abeb7ccf30602b4ee8f409f img.avia_image{\nbox-shadow:none;\n}\n.avia-image-container.av-kd6axvff-a29e36e45abeb7ccf30602b4ee8f409f .av-image-caption-overlay-center{\ncolor:#ffffff;\n}\n<\/style>\n<div  class='avia-image-container av-kd6axvff-a29e36e45abeb7ccf30602b4ee8f409f av-styling-no-styling avia-align-left  avia-builder-el-9  el_after_av_hr  el_before_av_textblock '   itemprop=\"image\" itemscope=\"itemscope\" itemtype=\"https:\/\/schema.org\/ImageObject\" ><div class=\"avia-image-container-inner\"><div class=\"avia-image-overlay-wrap\"><img class='wp-image-134 avia-img-lazy-loading-not-134 avia_image ' src=\"https:\/\/dresvarela.com.ar\/wp-content\/uploads\/2020\/07\/icons-contacto-ubicacion.png\" alt='' title=''  height=\"40\" width=\"28\"  itemprop=\"thumbnailUrl\"  \/><\/div><\/div><\/div><br \/>\n<section  class='av_textblock_section av-kcqsmnnv-2c0be5dc9c01d9d1b50f286ece56b3e3'  itemscope=\"itemscope\" itemtype=\"https:\/\/schema.org\/CreativeWork\" ><div class='avia_textblock'  itemprop=\"text\" ><p style=\"text-align: left;\"><span style=\"font-size: 15px;\">25 de Mayo 524, Escobar, B1625DYS, Pcia. de Buenos Aires, Argentina<\/span><\/p>\n<\/div><\/section><br \/>\n\n<style type=\"text\/css\" data-created_by=\"avia_inline_auto\" id=\"style-css-av-kd6b9p17-80a57a646fdf3d6d79a5b0b20e205484\">\n#top .hr.hr-invisible.av-kd6b9p17-80a57a646fdf3d6d79a5b0b20e205484{\nheight:10px;\n}\n<\/style>\n<div  class='hr av-kd6b9p17-80a57a646fdf3d6d79a5b0b20e205484 hr-invisible  avia-builder-el-11  el_after_av_textblock  el_before_av_image '><span class='hr-inner '><span class=\"hr-inner-style\"><\/span><\/span><\/div><br \/>\n\n<style type=\"text\/css\" data-created_by=\"avia_inline_auto\" id=\"style-css-av-kd6axvff-436a9c7f6389da0e93a3ae0d5689dfdc\">\n.avia-image-container.av-kd6axvff-436a9c7f6389da0e93a3ae0d5689dfdc img.avia_image{\nbox-shadow:none;\n}\n.avia-image-container.av-kd6axvff-436a9c7f6389da0e93a3ae0d5689dfdc .av-image-caption-overlay-center{\ncolor:#ffffff;\n}\n<\/style>\n<div  class='avia-image-container av-kd6axvff-436a9c7f6389da0e93a3ae0d5689dfdc av-styling-no-styling avia-align-left  avia-builder-el-12  el_after_av_hr  el_before_av_textblock '   itemprop=\"image\" itemscope=\"itemscope\" itemtype=\"https:\/\/schema.org\/ImageObject\" ><div class=\"avia-image-container-inner\"><div class=\"avia-image-overlay-wrap\"><img class='wp-image-133 avia-img-lazy-loading-not-133 avia_image ' src=\"https:\/\/dresvarela.com.ar\/wp-content\/uploads\/2020\/07\/icons-contacto-telefono.png\" alt='' title=''  height=\"33\" width=\"33\"  itemprop=\"thumbnailUrl\"  \/><\/div><\/div><\/div><br \/>\n<section  class='av_textblock_section av-kcqsmnnv-2c0be5dc9c01d9d1b50f286ece56b3e3'  itemscope=\"itemscope\" itemtype=\"https:\/\/schema.org\/CreativeWork\" ><div class='avia_textblock'  itemprop=\"text\" ><p style=\"text-align: left;\"><span style=\"font-size: 15px;\">(03484) 424553<\/span><\/p>\n<\/div><\/section><br \/>\n\n<style type=\"text\/css\" data-created_by=\"avia_inline_auto\" id=\"style-css-av-kd6b9p17-80a57a646fdf3d6d79a5b0b20e205484\">\n#top .hr.hr-invisible.av-kd6b9p17-80a57a646fdf3d6d79a5b0b20e205484{\nheight:10px;\n}\n<\/style>\n<div  class='hr av-kd6b9p17-80a57a646fdf3d6d79a5b0b20e205484 hr-invisible  avia-builder-el-14  el_after_av_textblock  el_before_av_image '><span class='hr-inner '><span class=\"hr-inner-style\"><\/span><\/span><\/div><br \/>\n\n<style type=\"text\/css\" data-created_by=\"avia_inline_auto\" id=\"style-css-av-kd6axvff-4c13f05fd5ca3e9c2d111bb8cd127c75\">\n.avia-image-container.av-kd6axvff-4c13f05fd5ca3e9c2d111bb8cd127c75 img.avia_image{\nbox-shadow:none;\n}\n.avia-image-container.av-kd6axvff-4c13f05fd5ca3e9c2d111bb8cd127c75 .av-image-caption-overlay-center{\ncolor:#ffffff;\n}\n<\/style>\n<div  class='avia-image-container av-kd6axvff-4c13f05fd5ca3e9c2d111bb8cd127c75 av-styling-no-styling avia-align-left  avia-builder-el-15  el_after_av_hr  el_before_av_textblock '   itemprop=\"image\" itemscope=\"itemscope\" itemtype=\"https:\/\/schema.org\/ImageObject\" ><div class=\"avia-image-container-inner\"><div class=\"avia-image-overlay-wrap\"><img class='wp-image-132 avia-img-lazy-loading-not-132 avia_image ' src=\"https:\/\/dresvarela.com.ar\/wp-content\/uploads\/2020\/07\/icons-contacto-mail.png\" alt='' title=''  height=\"27\" width=\"36\"  itemprop=\"thumbnailUrl\"  \/><\/div><\/div><\/div><br \/>\n<section  class='av_textblock_section av-kcqsmnnv-2c0be5dc9c01d9d1b50f286ece56b3e3'  itemscope=\"itemscope\" itemtype=\"https:\/\/schema.org\/CreativeWork\" ><div class='avia_textblock'  itemprop=\"text\" ><p style=\"text-align: left;\"><a href=\"mailto:odontologia@dresvarela.com.ar\"><span style=\"font-size: 15px;\">odontologia@dresvarela.com.ar<\/span><\/a><\/p>\n<\/div><\/section><br \/>\n\n<style type=\"text\/css\" data-created_by=\"avia_inline_auto\" id=\"style-css-av-kd6b9p17-80a57a646fdf3d6d79a5b0b20e205484\">\n#top .hr.hr-invisible.av-kd6b9p17-80a57a646fdf3d6d79a5b0b20e205484{\nheight:10px;\n}\n<\/style>\n<div  class='hr av-kd6b9p17-80a57a646fdf3d6d79a5b0b20e205484 hr-invisible  avia-builder-el-17  el_after_av_textblock  el_before_av_image '><span class='hr-inner '><span class=\"hr-inner-style\"><\/span><\/span><\/div><br \/>\n\n<style type=\"text\/css\" data-created_by=\"avia_inline_auto\" id=\"style-css-av-kd6axvff-92751e30ce98a88b30144c6d09ebdfa7\">\n.avia-image-container.av-kd6axvff-92751e30ce98a88b30144c6d09ebdfa7 img.avia_image{\nbox-shadow:none;\n}\n.avia-image-container.av-kd6axvff-92751e30ce98a88b30144c6d09ebdfa7 .av-image-caption-overlay-center{\ncolor:#ffffff;\n}\n<\/style>\n<div  class='avia-image-container av-kd6axvff-92751e30ce98a88b30144c6d09ebdfa7 av-styling-no-styling avia-align-left  avia-builder-el-18  el_after_av_hr  el_before_av_textblock '   itemprop=\"image\" itemscope=\"itemscope\" itemtype=\"https:\/\/schema.org\/ImageObject\" ><div class=\"avia-image-container-inner\"><div class=\"avia-image-overlay-wrap\"><img class='wp-image-131 avia-img-lazy-loading-not-131 avia_image ' src=\"https:\/\/dresvarela.com.ar\/wp-content\/uploads\/2020\/07\/icons-contacto-horario.png\" alt='' title=''  height=\"38\" width=\"38\"  itemprop=\"thumbnailUrl\" srcset=\"https:\/\/dresvarela.com.ar\/wp-content\/uploads\/2020\/07\/icons-contacto-horario.png 38w, https:\/\/dresvarela.com.ar\/wp-content\/uploads\/2020\/07\/icons-contacto-horario-36x36.png 36w\" sizes=\"(max-width: 38px) 100vw, 38px\" \/><\/div><\/div><\/div><br \/>\n<section  class='av_textblock_section av-kcqsmnnv-2c0be5dc9c01d9d1b50f286ece56b3e3'  itemscope=\"itemscope\" itemtype=\"https:\/\/schema.org\/CreativeWork\" ><div class='avia_textblock'  itemprop=\"text\" ><p style=\"text-align: left;\"><span style=\"font-size: 15px;\">Lunes a viernes de 9 a 17 hs, s\u00e1bados de 9 a 13 hs.<\/span><\/p>\n<\/div><\/section><br \/>\n\n<style type=\"text\/css\" data-created_by=\"avia_inline_auto\" id=\"style-css-av-kd6b9p17-80a57a646fdf3d6d79a5b0b20e205484\">\n#top .hr.hr-invisible.av-kd6b9p17-80a57a646fdf3d6d79a5b0b20e205484{\nheight:10px;\n}\n<\/style>\n<div  class='hr av-kd6b9p17-80a57a646fdf3d6d79a5b0b20e205484 hr-invisible  avia-builder-el-20  el_after_av_textblock  avia-builder-el-last '><span class='hr-inner '><span class=\"hr-inner-style\"><\/span><\/span><\/div><\/p><\/div><div  class='av_gmaps_sc_main_wrap av_gmaps_main_wrap '><div id='av_gmap_0' class='avia-google-map-container avia-google-map-sc av_gmaps_show_unconditionally av-no-fallback-img ' data-mapid='av_gmap_0'  style='height: 480px;'><a class=\"av_gmaps_browser_disabled av_text_confirm_link av_text_confirm_link_visible\" href=\"https:\/\/www.google.com\/maps\/search\/?api=1&#038;query=25%20de%20Mayo%20524%20%20Escobar%20%20Argentina\" target=\"_blank\" rel=\"noopener\">Maps were disabled by the visitor on this site. Click to open the map in a new window.<\/a><\/div><\/div><\/p>\n<section  class='av_textblock_section av-kcqsmnnv-2c0be5dc9c01d9d1b50f286ece56b3e3'  itemscope=\"itemscope\" itemtype=\"https:\/\/schema.org\/CreativeWork\" ><div class='avia_textblock'  itemprop=\"text\" ><p style=\"text-align: center;\"><strong><span style=\"font-size: 15px; color: #00a600;\">C\u00d3MO LLEGAR<\/span><\/strong><\/p>\n<\/div><\/section>\n\n<style type=\"text\/css\" data-created_by=\"avia_inline_auto\" id=\"style-css-av-erhl3-bb80f29c7b0a83d4f78f8deced370bce\">\n#top .flex_column.av-erhl3-bb80f29c7b0a83d4f78f8deced370bce{\nmargin-top:18px;\nmargin-bottom:48px;\n}\n.flex_column.av-erhl3-bb80f29c7b0a83d4f78f8deced370bce{\n-webkit-border-radius:0px 0px 0px 0px;\n-moz-border-radius:0px 0px 0px 0px;\nborder-radius:0px 0px 0px 0px;\npadding:0px 0px 0px 0px;\n}\n.responsive #top #wrap_all .flex_column.av-erhl3-bb80f29c7b0a83d4f78f8deced370bce{\nmargin-top:18px;\nmargin-bottom:48px;\n}\n<\/style>\n<div class='flex_column av-erhl3-bb80f29c7b0a83d4f78f8deced370bce av_one_half  avia-builder-el-23  el_after_av_textblock  el_before_av_one_half  first flex_column_div av-zero-column-padding column-top-margin'     ><section  class='av_textblock_section av-kcqsmnnv-2c0be5dc9c01d9d1b50f286ece56b3e3'  itemscope=\"itemscope\" itemtype=\"https:\/\/schema.org\/CreativeWork\" ><div class='avia_textblock'  itemprop=\"text\" ><p><strong>Desde Pilar<\/strong><\/p>\n<p style=\"text-align: left;\">Se toma la Ruta 25. Despu\u00e9s de pasar por Temaik\u00e9n, ubicado a la derecha, y luego de cruzar por debajo del ramal Escobar-Campana de la Autopista Panamericana, la Ruta se convierte en la Avenida 25 de Mayo y se contin\u00faa hasta el n\u00famero 524.<\/p>\n<\/div><\/section><\/div>\n\n<style type=\"text\/css\" data-created_by=\"avia_inline_auto\" id=\"style-css-av-71h3j-282c0bde214253a128a8195052c347c8\">\n#top .flex_column.av-71h3j-282c0bde214253a128a8195052c347c8{\nmargin-top:0px;\nmargin-bottom:0px;\n}\n.flex_column.av-71h3j-282c0bde214253a128a8195052c347c8{\n-webkit-border-radius:0px 0px 0px 0px;\n-moz-border-radius:0px 0px 0px 0px;\nborder-radius:0px 0px 0px 0px;\npadding:0px 0px 0px 0px;\n}\n.responsive #top #wrap_all .flex_column.av-71h3j-282c0bde214253a128a8195052c347c8{\nmargin-top:0px;\nmargin-bottom:0px;\n}\n<\/style>\n<div class='flex_column av-71h3j-282c0bde214253a128a8195052c347c8 av_one_half  avia-builder-el-25  el_after_av_one_half  avia-builder-el-last  flex_column_div av-zero-column-padding column-top-margin'     ><section  class='av_textblock_section av-kcqsmnnv-2c0be5dc9c01d9d1b50f286ece56b3e3'  itemscope=\"itemscope\" itemtype=\"https:\/\/schema.org\/CreativeWork\" ><div class='avia_textblock'  itemprop=\"text\" ><p><strong>Desde San Isidro, Olivos y Capital Federal<\/strong><\/p>\n<p style=\"text-align: left;\">Se toma la Autopista Panamericana en direcci\u00f3n al norte. Luego se opta por el ramal Escobar-Campana a la derecha y se contin\u00faa por \u00e9ste. Posteriormente, despu\u00e9s de pasar el country Septiembre, ubicado a la izquierda, se baja a la derecha en la salida a Escobar. Se toma la Avenida 25 de Mayo y se contin\u00faa hasta el n\u00famero 524.<\/p>\n<\/div><\/section><\/div>\n","protected":false},"excerpt":{"rendered":"","protected":false},"author":1,"featured_media":0,"parent":0,"menu_order":0,"comment_status":"closed","ping_status":"closed","template":"","meta":[],"_links":{"self":[{"href":"https:\/\/dresvarela.com.ar\/index.php?rest_route=\/wp\/v2\/pages\/127"}],"collection":[{"href":"https:\/\/dresvarela.com.ar\/index.php?rest_route=\/wp\/v2\/pages"}],"about":[{"href":"https:\/\/dresvarela.com.ar\/index.php?rest_route=\/wp\/v2\/types\/page"}],"author":[{"embeddable":true,"href":"https:\/\/dresvarela.com.ar\/index.php?rest_route=\/wp\/v2\/users\/1"}],"replies":[{"embeddable":true,"href":"https:\/\/dresvarela.com.ar\/index.php?rest_route=%2Fwp%2Fv2%2Fcomments&post=127"}],"version-history":[{"count":18,"href":"https:\/\/dresvarela.com.ar\/index.php?rest_route=\/wp\/v2\/pages\/127\/revisions"}],"predecessor-version":[{"id":198,"href":"https:\/\/dresvarela.com.ar\/index.php?rest_route=\/wp\/v2\/pages\/127\/revisions\/198"}],"wp:attachment":[{"href":"https:\/\/dresvarela.com.ar\/index.php?rest_route=%2Fwp%2Fv2%2Fmedia&parent=127"}],"curies":[{"name":"wp","href":"https:\/\/api.w.org\/{rel}","templated":true}]}}